{"id":5369,"date":"2022-10-04T08:19:13","date_gmt":"2022-10-04T08:19:13","guid":{"rendered":"https:\/\/naturzo.com\/?page_id=5369"},"modified":"2025-06-11T07:03:24","modified_gmt":"2025-06-11T07:03:24","slug":"faq","status":"publish","type":"page","link":"https:\/\/naturzo.com\/lv\/faq\/","title":{"rendered":"BUJ"},"content":{"rendered":"<p>J: K\u0101 Liofiliz\u0113ti produkti at\u0161\u0137iras no kalt\u0113tiem? <br>A: Liofiliz\u0113\u0161anu uzskata par lab\u0101ku metodi, jo t\u0101 saglab\u0101 iev\u0113rojami vair\u0101k produkta uzturvielas, tekst\u016bru, kr\u0101su un gar\u0161u, nek\u0101 parastaj\u0101 \u017e\u0101v\u0113\u0161anas proces\u0101. Liofiliz\u0101cijas proces\u0101(ENG - Freeze-drying) produkts tiek sasald\u0113ts, tad vakuum\u0101 no produkta tiek sublim\u0113ts(atdal\u012bts) sasalu\u0161ais \u016bdens, bet ierastaj\u0101 \u017e\u0101v\u0113\u0161anas proces\u0101, produktus dehidr\u0113 kars\u0113jot, kas var izrais\u012bt iev\u0113rojamu produkta uzturv\u0113rt\u012bbas zudumu. Turkl\u0101t - Liofiliz\u0113tiem produktiem ir ilg\u0101ks der\u012bguma termi\u0146\u0161 un tos var \u0101tri rehidr\u0113t, atjaunojot produktu s\u0101kuma stadij\u0101, kas tos padara par ide\u0101lu opciju \u0101rk\u0101rtas \u0113diena kr\u0101jumiem, p\u0101rg\u0101jieniem, k\u0101p\u0161anai kalnos, nometn\u0113m un cit\u0101m \u0101ra aktivit\u0101t\u0113m.<\/p>\n\n\n\n<p><a href=\"Q: What is freeze-dried cheese powder?A: Freeze-dried cheese powder is a dehydrated form of cheese that has been processed through a freeze-drying process. This process removes the water from the cheese, leaving behind a powder that can be reconstituted with water to create a cheese sauce or used as a topping or ingredient in other dishes.\">J: Kas ir Liofiliz\u0113\u0161ana?<br>A: Liofiliz\u0113\u0161ana ir saglab\u0101\u0161anas veids, kur\u0101 produkts tiek sasald\u0113ts, tad vakuum\u0101 no produkta tiek sublim\u0113ts(atdal\u012bts) sasalu\u0161ais \u016bdens, atst\u0101jot vieglu, ilgi glab\u0101jo\u0161os produktu.<\/a><\/p>\n\n\n\n<p>J: Kas ir liofiliz\u0113ta siera pulveris? <br>A: Liofiliz\u0113ts siera pulveris ir dehidr\u0113ta siera forma, kas ieg\u016bta, izmantojot liofiliz\u0101cijas procesu. \u0160aj\u0101 proces\u0101 no siera tiek izvad\u012bts \u016bdens, atst\u0101jot tikai pulveri, ko var sajaukt ar \u016bdeni, lai pagatavotu siera m\u0113rci, vai izmantot k\u0101 piedevu vai sast\u0101vda\u013cu citos \u0113dienos.<\/p>\n\n\n\n<p>J: Vai liofiliz\u0113ti produkti ir vesel\u012bgi?<br>A: Liofiliz\u0113ti aug\u013ci var saglab\u0101t l\u012bdz pat 98% no sava s\u0101kotn\u0113j\u0101 uzturvielu satura, tostarp vitam\u012bnus, miner\u0101lvielas un antioksidantus. M\u016bsu siera pulveri tiek gatavoti no augst\u0101k\u0101s kvalit\u0101tes siera, un tiem netiek pievienots nekas lieks, t\u0101p\u0113c tie ir koncentr\u0113ts olbaltumvielu un kalcija avots. Tie ir ar\u012b labs citu b\u016btisku uzturvielu, piem\u0113ram, A un D vitam\u012bna, avots. <\/p>\n\n\n\n<p>J: Vai liofiliz\u0113ti produkti ir piem\u0113roti uztur\u0101 cilv\u0113kiem, kas iev\u0113ro j\u0113lp\u0101rtikas (raw food) di\u0113tu? <br>A: Da\u017ei j\u0113lp\u0101rtikas piekrit\u0113ji uzskata, ka liofiliz\u0113ti produkti ir piem\u0113roti, jo tie tiek minim\u0101li apstr\u0101d\u0101ti un saglab\u0101 liel\u0101ko da\u013cu uzturvielu. Turkl\u0101t liofiliz\u0101cijas proces\u0101 temperat\u016bra nep\u0101rsniedz 40 gr\u0101dus p\u0113c Celsija. Galu gal\u0101 katram pa\u0161am j\u0101izv\u0113rt\u0113, kas vislab\u0101k atbilst vi\u0146a uztura principiem un p\u0101rliec\u012bbai.<\/p>\n\n\n\n<p>Q: How long does freeze-dried food last?<br>A: Freeze-dried food can last up to 25 years if stored properly in a cool, dry place.<\/p>\n\n\n\n<p>Q: What are some common uses for freeze-dried fruits and vegetables?<br>A: Freeze-dried fruits and vegetables are commonly used as snacks, in trail mixes, as ingredients in recipes, and as a source of emergency food. They can also be used for camping and hiking trips, as they are lightweight and easy to pack.<\/p>\n\n\n\n<p>Q: How to store Freeze dried products? <br>A: Naturzo products come in suitable packaging. Just keep the zip-lock bag closed and away from moisture and sunlight. <\/p>\n\n\n\n<p>Q: How long will I have to wait to receive my order?<br>A: Please check our <a href=\"https:\/\/naturzo.com\/lv\/shipping-policy\/\" target=\"_blank\" rel=\"noopener\" title=\"\">Shipping policy<\/a> for the latest information on our delivery times. <\/p>\n\n\n\n<p>Q: Do You have discounts for orders in bulk? Is it possible to get an invoice for my Company?<br>A: Yes, just send us an email to info@naturzo.com and depending on the amount we will create a custom order with a discount and an invoice for You. <\/p>\n\n\n\n<p>Q: What should I do if there is a problem with my order?<br>A: Please contact us at info@naturzo.com and we will help you! <\/p>","protected":false},"excerpt":{"rendered":"<p>Q: What is the difference between regular dehydrated and Freeze-dried? A: Freeze-drying and dehydrating are methods of preserving food by removing moisture, but freeze-drying is considered a better method because it preserves more of the food&#8217;s nutrients, texture, colour and flavour compared to dehydrating. Freeze-drying works by freezing the food and then reducing the pressure [&hellip;]<\/p>\n","protected":false},"author":1,"featured_media":0,"parent":0,"menu_order":0,"comment_status":"closed","ping_status":"closed","template":"","meta":{"om_disable_all_campaigns":false,"_monsterinsights_skip_tracking":false,"_monsterinsights_sitenote_active":false,"_monsterinsights_sitenote_note":"","_monsterinsights_sitenote_category":0,"site-sidebar-layout":"default","site-content-layout":"","ast-site-content-layout":"default","site-content-style":"default","site-sidebar-style":"default","ast-global-header-display":"","ast-banner-title-visibility":"","ast-main-header-display":"","ast-hfb-above-header-display":"","ast-hfb-below-header-display":"","ast-hfb-mobile-header-display":"","site-post-title":"","ast-breadcrumbs-content":"","ast-featured-img":"","footer-sml-layout":"","ast-disable-related-posts":"","theme-transparent-header-meta":"","adv-header-id-meta":"","stick-header-meta":"","header-above-stick-meta":"","header-main-stick-meta":"","header-below-stick-meta":"","astra-migrate-meta-layouts":"set","ast-page-background-enabled":"default","ast-page-background-meta":{"desktop":{"background-color":"","background-image":"","background-repeat":"repeat","background-position":"center center","background-size":"auto","background-attachment":"scroll","background-type":"","background-media":"","overlay-type":"","overlay-color":"","overlay-opacity":"","overlay-gradient":""},"tablet":{"background-color":"","background-image":"","background-repeat":"repeat","background-position":"center center","background-size":"auto","background-attachment":"scroll","background-type":"","background-media":"","overlay-type":"","overlay-color":"","overlay-opacity":"","overlay-gradient":""},"mobile":{"background-color":"","background-image":"","background-repeat":"repeat","background-position":"center center","background-size":"auto","background-attachment":"scroll","background-type":"","background-media":"","overlay-type":"","overlay-color":"","overlay-opacity":"","overlay-gradient":""}},"ast-content-background-meta":{"desktop":{"background-color":"var(--ast-global-color-5)","background-image":"","background-repeat":"repeat","background-position":"center center","background-size":"auto","background-attachment":"scroll","background-type":"","background-media":"","overlay-type":"","overlay-color":"","overlay-opacity":"","overlay-gradient":""},"tablet":{"background-color":"var(--ast-global-color-5)","background-image":"","background-repeat":"repeat","background-position":"center center","background-size":"auto","background-attachment":"scroll","background-type":"","background-media":"","overlay-type":"","overlay-color":"","overlay-opacity":"","overlay-gradient":""},"mobile":{"background-color":"var(--ast-global-color-5)","background-image":"","background-repeat":"repeat","background-position":"center center","background-size":"auto","background-attachment":"scroll","background-type":"","background-media":"","overlay-type":"","overlay-color":"","overlay-opacity":"","overlay-gradient":""}},"footnotes":""},"class_list":["post-5369","page","type-page","status-publish","hentry"],"aioseo_notices":[],"_links":{"self":[{"href":"https:\/\/naturzo.com\/lv\/wp-json\/wp\/v2\/pages\/5369","targetHints":{"allow":["GET"]}}],"collection":[{"href":"https:\/\/naturzo.com\/lv\/wp-json\/wp\/v2\/pages"}],"about":[{"href":"https:\/\/naturzo.com\/lv\/wp-json\/wp\/v2\/types\/page"}],"author":[{"embeddable":true,"href":"https:\/\/naturzo.com\/lv\/wp-json\/wp\/v2\/users\/1"}],"replies":[{"embeddable":true,"href":"https:\/\/naturzo.com\/lv\/wp-json\/wp\/v2\/comments?post=5369"}],"version-history":[{"count":1,"href":"https:\/\/naturzo.com\/lv\/wp-json\/wp\/v2\/pages\/5369\/revisions"}],"predecessor-version":[{"id":7577,"href":"https:\/\/naturzo.com\/lv\/wp-json\/wp\/v2\/pages\/5369\/revisions\/7577"}],"wp:attachment":[{"href":"https:\/\/naturzo.com\/lv\/wp-json\/wp\/v2\/media?parent=5369"}],"curies":[{"name":"wp","href":"https:\/\/api.w.org\/{rel}","templated":true}]}}