{"id":5371,"date":"2022-10-04T08:20:58","date_gmt":"2022-10-04T08:20:58","guid":{"rendered":"https:\/\/naturzo.com\/?page_id=5371"},"modified":"2023-08-03T13:20:41","modified_gmt":"2023-08-03T13:20:41","slug":"terms-of-service","status":"publish","type":"page","link":"https:\/\/naturzo.com\/lv\/terms-of-service\/","title":{"rendered":"Lieto\u0161anas noteikumi"},"content":{"rendered":"<p><\/p>\n\n\n\n<ol class=\"wp-block-list\">\n<li>Ievads<\/li>\n<\/ol>\n\n\n\n<p>Laipni l\u016bdzam m\u016bsu tie\u0161saistes veikal\u0101, kur j\u016bs varat ieg\u0101d\u0101ties liofiliz\u0113tu p\u0101rtiku, atrodoties m\u0101j\u0101s. Izmantojot m\u016bsu vietni, j\u016bs piekr\u012btat iev\u0113rot t\u0101l\u0101k nor\u0101d\u012btos noteikumus un nosac\u012bjumus (\u201cLieto\u0161anas noteikumi\u201d). Ja nepiekr\u012btat \u0161iem noteikumiem, l\u016bdzu, neizmantojiet m\u016bsu vietni.<\/p>\n\n\n\n<ol class=\"wp-block-list\" start=\"2\">\n<li>Inform\u0101cija par produktu<\/li>\n<\/ol>\n\n\n\n<p>M\u0113s esam pieliku\u0161i visas p\u016bles, lai p\u0113c iesp\u0113jas prec\u012bz\u0101k par\u0101d\u012btu m\u016bsu produktu kr\u0101sas un att\u0113lus, kas par\u0101d\u0101s vietn\u0113. M\u0113s nevaram garant\u0113t, ka uz j\u016bsu datora monitora jebkuras kr\u0101sas b\u016bs prec\u012bzas.<\/p>\n\n\n\n<p>M\u0113s negarant\u0113jam, ka j\u016bsu ieg\u0101d\u0101to vai ieg\u016bto produktu, pakalpojumu, inform\u0101cijas vai citu materi\u0101lu kvalit\u0101te atbild\u012bs j\u016bsu cer\u012bb\u0101m.<\/p>\n\n\n\n<ol class=\"wp-block-list\" start=\"3\">\n<li>Pas\u016bt\u012bjumu izpilde<\/li>\n<\/ol>\n\n\n\n<p>M\u0113s apstiprin\u0101sim j\u016bsu pas\u016bt\u012bjuma sa\u0146em\u0161anu, nos\u016btot jums e-pastu. J\u016bsu pas\u016bt\u012bjums tiks apstr\u0101d\u0101ts 3-7 darba dienu laik\u0101 p\u0113c sa\u0146em\u0161anas. M\u0113s j\u016bs inform\u0113sim, ja k\u0101da prece b\u016bs beigusies vai ja pas\u016bt\u012bjuma apstr\u0101de aizkav\u0113sies.<\/p>\n\n\n\n<ol class=\"wp-block-list\" start=\"4\">\n<li>Maks\u0101jums<\/li>\n<\/ol>\n\n\n\n<p>Pirkuma apmaksu nodro\u0161ina Montonio, iesp\u0113jams samaks\u0101t ar bankas karti vai internetbanku.<\/p>\n\n\n\n<ol class=\"wp-block-list\" start=\"5\">\n<li>Pieg\u0101de<\/li>\n<\/ol>\n\n\n\n<p>M\u0113s nos\u016bt\u012bsim j\u016bsu pas\u016bt\u012bjumu uz j\u016bsu nor\u0101d\u012bto adresi. Pieg\u0101des izmaksas tiks apr\u0113\u0137in\u0101tas, pamatojoties uz j\u016bsu pas\u016bt\u012bjuma svaru un j\u016bsu atra\u0161an\u0101s vietu. Kad pas\u016bt\u012bjums b\u016bs nos\u016bt\u012bts, m\u0113s jums pie\u0161\u0137irsim izseko\u0161anas numuru.<\/p>\n\n\n\n<ol class=\"wp-block-list\" start=\"6\">\n<li>Atgrie\u0161ana un naudas atmaksa<\/li>\n<\/ol>\n\n\n\n<p>M\u016bsu produktu rakstura d\u0113\u013c m\u0113s nepie\u0146emam atgrie\u0161anu un nesniedzam atmaksu. Pirms pas\u016bt\u012bjuma veik\u0161anas noteikti izlasiet produkta aprakstu un p\u0101rbaudiet der\u012bguma termi\u0146us tikl\u012bdz sa\u0146emat produktu. M\u0113s varam, bet mums nav pien\u0101kums apsv\u0113rt iz\u0146\u0113mumus p\u0113c e-pasta sa\u0146em\u0161anas ar paskaidrojumu par to, k\u0101p\u0113c b\u016btu nepiecie\u0161ama atmaksa vai nomai\u0146a. <\/p>\n\n\n\n<ol class=\"wp-block-list\" start=\"7\">\n<li>Atbilst\u012bba ties\u012bbu aktiem<\/li>\n<\/ol>\n\n\n\n<p>J\u016bs piekr\u012btat iev\u0113rot visus Latvij\u0101 piem\u0113rojamos likumus un noteikumus, tostarp, bet ne tikai, tos, kas saist\u012bti ar pre\u010du eksportu, nodok\u013ciem un tarifiem.<\/p>\n\n\n\n<ol class=\"wp-block-list\" start=\"8\">\n<li>Atruna<\/li>\n<\/ol>\n\n\n\n<p>M\u0113s negarant\u0113jam, ka vietne darbosies bez p\u0101rtraukumiem vai k\u013c\u016bd\u0101m, un m\u0113s neuz\u0146emamies atbild\u012bbu par p\u0101rtraukumiem vai k\u013c\u016bd\u0101m.<\/p>\n\n\n\n<ol class=\"wp-block-list\" start=\"9\">\n<li>Izmai\u0146as pakalpojumu snieg\u0161anas noteikumos<\/li>\n<\/ol>\n\n\n\n<p>M\u0113s paturam ties\u012bbas jebkur\u0101 laik\u0101 veikt izmai\u0146as pakalpojumu snieg\u0161anas noteikumos. J\u016bsu turpm\u0101k\u0101 t\u012bmek\u013ca vietnes izmanto\u0161ana p\u0113c jebk\u0101d\u0101m izmai\u0146\u0101m liecina, ka piekr\u012btat jaunajiem noteikumiem.<\/p>\n\n\n\n<ol class=\"wp-block-list\" start=\"10\">\n<li>Kontaktinform\u0101cija<\/li>\n<\/ol>\n\n\n\n<p>Ja jums ir k\u0101di jaut\u0101jumi par pakalpojumu snieg\u0161anas noteikumiem, l\u016bdzu, sazinieties ar mums: info@naturzo.com.<\/p>\n\n\n\n<p>Izmantojot m\u016bsu vietni, j\u016bs piekr\u012btat iev\u0113rot \u0161os pakalpojumu snieg\u0161anas noteikumus.<\/p>","protected":false},"excerpt":{"rendered":"<p>Welcome to our online store, where you can purchase Freeze dried foods from the comfort of your home. By using our website, you agree to be bound by the following terms and conditions (the &#8220;Terms of Service&#8221;). If you do not agree to these terms, please do not use our website. We have made every [&hellip;]<\/p>\n","protected":false},"author":1,"featured_media":0,"parent":0,"menu_order":0,"comment_status":"closed","ping_status":"closed","template":"","meta":{"om_disable_all_campaigns":false,"_monsterinsights_skip_tracking":false,"_monsterinsights_sitenote_active":false,"_monsterinsights_sitenote_note":"","_monsterinsights_sitenote_category":0,"site-sidebar-layout":"default","site-content-layout":"","ast-site-content-layout":"default","site-content-style":"default","site-sidebar-style":"default","ast-global-header-display":"","ast-banner-title-visibility":"","ast-main-header-display":"","ast-hfb-above-header-display":"","ast-hfb-below-header-display":"","ast-hfb-mobile-header-display":"","site-post-title":"","ast-breadcrumbs-content":"","ast-featured-img":"","footer-sml-layout":"","ast-disable-related-posts":"","theme-transparent-header-meta":"","adv-header-id-meta":"","stick-header-meta":"","header-above-stick-meta":"","header-main-stick-meta":"","header-below-stick-meta":"","astra-migrate-meta-layouts":"default","ast-page-background-enabled":"default","ast-page-background-meta":{"desktop":{"background-color":"","background-image":"","background-repeat":"repeat","background-position":"center center","background-size":"auto","background-attachment":"scroll","background-type":"","background-media":"","overlay-type":"","overlay-color":"","overlay-opacity":"","overlay-gradient":""},"tablet":{"background-color":"","background-image":"","background-repeat":"repeat","background-position":"center center","background-size":"auto","background-attachment":"scroll","background-type":"","background-media":"","overlay-type":"","overlay-color":"","overlay-opacity":"","overlay-gradient":""},"mobile":{"background-color":"","background-image":"","background-repeat":"repeat","background-position":"center center","background-size":"auto","background-attachment":"scroll","background-type":"","background-media":"","overlay-type":"","overlay-color":"","overlay-opacity":"","overlay-gradient":""}},"ast-content-background-meta":{"desktop":{"background-color":"var(--ast-global-color-5)","background-image":"","background-repeat":"repeat","background-position":"center center","background-size":"auto","background-attachment":"scroll","background-type":"","background-media":"","overlay-type":"","overlay-color":"","overlay-opacity":"","overlay-gradient":""},"tablet":{"background-color":"var(--ast-global-color-5)","background-image":"","background-repeat":"repeat","background-position":"center center","background-size":"auto","background-attachment":"scroll","background-type":"","background-media":"","overlay-type":"","overlay-color":"","overlay-opacity":"","overlay-gradient":""},"mobile":{"background-color":"var(--ast-global-color-5)","background-image":"","background-repeat":"repeat","background-position":"center center","background-size":"auto","background-attachment":"scroll","background-type":"","background-media":"","overlay-type":"","overlay-color":"","overlay-opacity":"","overlay-gradient":""}},"footnotes":""},"class_list":["post-5371","page","type-page","status-publish","hentry"],"aioseo_notices":[],"_links":{"self":[{"href":"https:\/\/naturzo.com\/lv\/wp-json\/wp\/v2\/pages\/5371","targetHints":{"allow":["GET"]}}],"collection":[{"href":"https:\/\/naturzo.com\/lv\/wp-json\/wp\/v2\/pages"}],"about":[{"href":"https:\/\/naturzo.com\/lv\/wp-json\/wp\/v2\/types\/page"}],"author":[{"embeddable":true,"href":"https:\/\/naturzo.com\/lv\/wp-json\/wp\/v2\/users\/1"}],"replies":[{"embeddable":true,"href":"https:\/\/naturzo.com\/lv\/wp-json\/wp\/v2\/comments?post=5371"}],"version-history":[{"count":0,"href":"https:\/\/naturzo.com\/lv\/wp-json\/wp\/v2\/pages\/5371\/revisions"}],"wp:attachment":[{"href":"https:\/\/naturzo.com\/lv\/wp-json\/wp\/v2\/media?parent=5371"}],"curies":[{"name":"wp","href":"https:\/\/api.w.org\/{rel}","templated":true}]}}