{"id":9,"date":"2022-10-04T05:29:54","date_gmt":"2022-10-04T05:29:54","guid":{"rendered":"http:\/\/naturzo.com\/?page_id=9"},"modified":"2023-01-20T11:38:00","modified_gmt":"2023-01-20T11:38:00","slug":"refund_returns","status":"publish","type":"page","link":"https:\/\/naturzo.com\/lv\/refund_returns\/","title":{"rendered":"Atgrie\u0161ana"},"content":{"rendered":"<p> <\/p>\n\n\n\n<p>M\u016bsu tie\u0161saistes veikala naudas atmaksas politika ir \u0161\u0101da:<\/p>\n\n\n\n<ol class=\"wp-block-list\"><li>M\u0113s nepie\u0146emam nek\u0101dus p\u0101rtikas produktus, kas ieg\u0101d\u0101ti m\u016bsu vietn\u0113, atgrie\u0161ana.<\/li><li>Ja sa\u0146emat boj\u0101tu preci, kurai ir beidzies der\u012bguma termi\u0146\u0161, l\u016bdzu, nekav\u0113joties sazinieties ar mums, un m\u0113s izmekl\u0113sim probl\u0113mu.<\/li><li>Ja neesat apmierin\u0101ts ar p\u0101rtikas preces kvalit\u0101ti, l\u016bdzu, sazinieties ar mums 24 stundu laik\u0101 p\u0113c pas\u016bt\u012bjuma sa\u0146em\u0161anas, un m\u0113s dar\u012bsim visu iesp\u0113jamo, lai probl\u0113mu atrisin\u0101tu.<\/li><li>Ja jums ir k\u0101das probl\u0113mas ar pas\u016bt\u012bjumu, l\u016bdzu, sazinieties ar mums pa e-pastu info@naturzo.com, un m\u0113s dar\u012bsim visu iesp\u0113jamo, lai probl\u0113mu atrisin\u0101tu.<\/li><li>M\u0113s paturam ties\u012bbas atteikt atmaksu vai apmai\u0146u, ja uzskat\u0101m, ka t\u0101s ir kr\u0101pnieciskas vai ja prece ir izmantota vai pat\u0113r\u0113ta.<\/li><li>Naudas atmaksa tiks veikta tikai ar s\u0101kotn\u0113jo maks\u0101juma veidu, kas tika izmantots pirkuma br\u012bd\u012b.<\/li><li>M\u0113s apstr\u0101d\u0101sim atmaksu 7 darba dienu laik\u0101 p\u0113c j\u016bsu piepras\u012bjuma sa\u0146em\u0161anas.<\/li><li>Pieg\u0101des izmaksas nav atmaks\u0101jamas.<\/li><li>Visi atmaksas piepras\u012bjumi ir pak\u013cauti m\u016bsu ieskatiem, un m\u0113s paturam ties\u012bbas noraid\u012bt visus piepras\u012bjumus, kas neatbilst m\u016bsu atmaksas politikas krit\u0113rijiem.<\/li><li>Veicot pas\u016bt\u012bjumu m\u016bsu tie\u0161saistes p\u0101rtikas veikal\u0101, j\u016bs piekr\u012btat \u0161iem atmaksas politikas noteikumiem un nosac\u012bjumiem.<\/li><\/ol>\n\n\n\n<p>Paldies, ka izv\u0113l\u0113j\u0101ties m\u016bsu tie\u0161saistes p\u0101rtikas veikalu. M\u0113s cen\u0161amies nodro\u0161in\u0101t saviem klientiem augstas kvalit\u0101tes p\u0101rtikas produktus un lielisku klientu apkalpo\u0161anu. Ja jums ir v\u0113l k\u0101di jaut\u0101jumi vai neskaidr\u012bbas, l\u016bdzu, nevilcinieties sazin\u0101ties ar mums.<\/p>\n\n\n\n<p><\/p>\n\n\n\n<p><\/p>","protected":false},"excerpt":{"rendered":"<p>Our refund policy for our online store is as follows: We do not accept returns on any food items purchased through our website. If you receive a damaged or expired item, please contact us immediately and we will investigate the issue. If you are not satisfied with the quality of the food item, please contact [&hellip;]<\/p>\n","protected":false},"author":1,"featured_media":0,"parent":0,"menu_order":0,"comment_status":"closed","ping_status":"closed","template":"","meta":{"om_disable_all_campaigns":false,"_monsterinsights_skip_tracking":false,"_monsterinsights_sitenote_active":false,"_monsterinsights_sitenote_note":"","_monsterinsights_sitenote_category":0,"site-sidebar-layout":"default","site-content-layout":"","ast-site-content-layout":"default","site-content-style":"default","site-sidebar-style":"default","ast-global-header-display":"","ast-banner-title-visibility":"","ast-main-header-display":"","ast-hfb-above-header-display":"","ast-hfb-below-header-display":"","ast-hfb-mobile-header-display":"","site-post-title":"","ast-breadcrumbs-content":"","ast-featured-img":"","footer-sml-layout":"","ast-disable-related-posts":"","theme-transparent-header-meta":"","adv-header-id-meta":"","stick-header-meta":"","header-above-stick-meta":"","header-main-stick-meta":"","header-below-stick-meta":"","astra-migrate-meta-layouts":"default","ast-page-background-enabled":"default","ast-page-background-meta":{"desktop":{"background-color":"","background-image":"","background-repeat":"repeat","background-position":"center center","background-size":"auto","background-attachment":"scroll","background-type":"","background-media":"","overlay-type":"","overlay-color":"","overlay-opacity":"","overlay-gradient":""},"tablet":{"background-color":"","background-image":"","background-repeat":"repeat","background-position":"center center","background-size":"auto","background-attachment":"scroll","background-type":"","background-media":"","overlay-type":"","overlay-color":"","overlay-opacity":"","overlay-gradient":""},"mobile":{"background-color":"","background-image":"","background-repeat":"repeat","background-position":"center center","background-size":"auto","background-attachment":"scroll","background-type":"","background-media":"","overlay-type":"","overlay-color":"","overlay-opacity":"","overlay-gradient":""}},"ast-content-background-meta":{"desktop":{"background-color":"var(--ast-global-color-5)","background-image":"","background-repeat":"repeat","background-position":"center center","background-size":"auto","background-attachment":"scroll","background-type":"","background-media":"","overlay-type":"","overlay-color":"","overlay-opacity":"","overlay-gradient":""},"tablet":{"background-color":"var(--ast-global-color-5)","background-image":"","background-repeat":"repeat","background-position":"center center","background-size":"auto","background-attachment":"scroll","background-type":"","background-media":"","overlay-type":"","overlay-color":"","overlay-opacity":"","overlay-gradient":""},"mobile":{"background-color":"var(--ast-global-color-5)","background-image":"","background-repeat":"repeat","background-position":"center center","background-size":"auto","background-attachment":"scroll","background-type":"","background-media":"","overlay-type":"","overlay-color":"","overlay-opacity":"","overlay-gradient":""}},"footnotes":""},"class_list":["post-9","page","type-page","status-publish","hentry"],"aioseo_notices":[],"_links":{"self":[{"href":"https:\/\/naturzo.com\/lv\/wp-json\/wp\/v2\/pages\/9","targetHints":{"allow":["GET"]}}],"collection":[{"href":"https:\/\/naturzo.com\/lv\/wp-json\/wp\/v2\/pages"}],"about":[{"href":"https:\/\/naturzo.com\/lv\/wp-json\/wp\/v2\/types\/page"}],"author":[{"embeddable":true,"href":"https:\/\/naturzo.com\/lv\/wp-json\/wp\/v2\/users\/1"}],"replies":[{"embeddable":true,"href":"https:\/\/naturzo.com\/lv\/wp-json\/wp\/v2\/comments?post=9"}],"version-history":[{"count":0,"href":"https:\/\/naturzo.com\/lv\/wp-json\/wp\/v2\/pages\/9\/revisions"}],"wp:attachment":[{"href":"https:\/\/naturzo.com\/lv\/wp-json\/wp\/v2\/media?parent=9"}],"curies":[{"name":"wp","href":"https:\/\/api.w.org\/{rel}","templated":true}]}}