{"id":6522,"date":"2023-08-24T14:24:44","date_gmt":"2023-08-24T14:24:44","guid":{"rendered":"https:\/\/naturzo.com\/?post_type=product&#038;p=6522"},"modified":"2026-04-27T07:18:26","modified_gmt":"2026-04-27T07:18:26","slug":"garlic-powder","status":"publish","type":"product","link":"https:\/\/naturzo.com\/lv\/products\/garlic-powder\/","title":{"rendered":"\u0136iploku pulveris"},"content":{"rendered":"<p><strong>Kalt\u0113tu \u0137iploku pulveris bez konservantiem un gar\u0161as pastiprin\u0101t\u0101jiem.<\/strong><\/p>\n<p>Uzlabo savas \u0113dienreizes ar m\u016bsu \u0137iploku pulvera izsmalcin\u0101to gar\u0161u. Gatavots no lab\u0101kaj\u0101m \u0137iploku galvi\u0146\u0101m, \u0161\u012b dab\u012bg\u0101 gar\u0161viela ir neaizst\u0101jams elements ikvien\u0101 virtuv\u0113. M\u016bsu pedantiskais ra\u017eo\u0161anas process nodro\u0161ina \u0137iploka intens\u012bv\u0101s gar\u0161as un arom\u0101ta saglab\u0101\u0161anos. Ide\u0101ls saut\u0113jumiem, ga\u013cai, ziv\u012bm, d\u0101rze\u0146iem, zup\u0101m, m\u0113rc\u0113m - \u0161\u0137ipsni\u0146a \u0137iploku pulvera ieder\u0113sies daudzos tavos kulin\u0101rijas \u0161edevros. Pas\u016bti savu jau \u0161odien!<\/p>\n<p>&nbsp;<\/p>\n<p data-start=\"0\" data-end=\"73\">Country of origin: China (Processed and packaged in the European Union)<\/p>\n<p data-start=\"75\" data-end=\"109\">NUTRITION INFORMATION Per 100 g:<\/p>\n<p data-start=\"111\" data-end=\"255\" data-is-last-node=\"\" data-is-only-node=\"\">Energy 1380 kJ \/ 330 kcal, Fat 0.7 g (of which saturated 0.1 g), Carbohydrates 73 g (of which sugars 2.5 g), Fibre 9 g, Protein 17 g, Salt 0.1 g<\/p>","protected":false},"excerpt":{"rendered":"<p><strong>Kalt\u0113tu \u0137iploku pulveris bez konservantiem un gar\u0161as pastiprin\u0101t\u0101jiem.<\/strong><\/p>\n<p>Uzlabo savas \u0113dienreizes ar m\u016bsu \u0137iploku pulvera izsmalcin\u0101to gar\u0161u.<\/p>","protected":false},"featured_media":8054,"template":"","meta":{"om_disable_all_campaigns":false,"_monsterinsights_skip_tracking":false,"_monsterinsights_sitenote_active":false,"_monsterinsights_sitenote_note":"","_monsterinsights_sitenote_category":0,"site-sidebar-layout":"default","site-content-layout":"default","ast-site-content-layout":"default","site-content-style":"default","site-sidebar-style":"default","ast-global-header-display":"","ast-banner-title-visibility":"","ast-main-header-display":"","ast-hfb-above-header-display":"","ast-hfb-below-header-display":"","ast-hfb-mobile-header-display":"","site-post-title":"","ast-breadcrumbs-content":"","ast-featured-img":"","footer-sml-layout":"","ast-disable-related-posts":"","theme-transparent-header-meta":"default","adv-header-id-meta":"","stick-header-meta":"default","header-above-stick-meta":"","header-main-stick-meta":"","header-below-stick-meta":"","astra-migrate-meta-layouts":"set","ast-page-background-enabled":"default","ast-page-background-meta":{"desktop":{"background-color":"","background-image":"","background-repeat":"repeat","background-position":"center center","background-size":"auto","background-attachment":"scroll","background-type":"","background-media":"","overlay-type":"","overlay-color":"","overlay-opacity":"","overlay-gradient":""},"tablet":{"background-color":"","background-image":"","background-repeat":"repeat","background-position":"center center","background-size":"auto","background-attachment":"scroll","background-type":"","background-media":"","overlay-type":"","overlay-color":"","overlay-opacity":"","overlay-gradient":""},"mobile":{"background-color":"","background-image":"","background-repeat":"repeat","background-position":"center center","background-size":"auto","background-attachment":"scroll","background-type":"","background-media":"","overlay-type":"","overlay-color":"","overlay-opacity":"","overlay-gradient":""}},"ast-content-background-meta":{"desktop":{"background-color":"var(--ast-global-color-5)","background-image":"","background-repeat":"repeat","background-position":"center center","background-size":"auto","background-attachment":"scroll","background-type":"","background-media":"","overlay-type":"","overlay-color":"","overlay-opacity":"","overlay-gradient":""},"tablet":{"background-color":"var(--ast-global-color-5)","background-image":"","background-repeat":"repeat","background-position":"center center","background-size":"auto","background-attachment":"scroll","background-type":"","background-media":"","overlay-type":"","overlay-color":"","overlay-opacity":"","overlay-gradient":""},"mobile":{"background-color":"var(--ast-global-color-5)","background-image":"","background-repeat":"repeat","background-position":"center center","background-size":"auto","background-attachment":"scroll","background-type":"","background-media":"","overlay-type":"","overlay-color":"","overlay-opacity":"","overlay-gradient":""}}},"product_brand":[],"product_cat":[78,84],"product_tag":[],"class_list":{"0":"post-6522","1":"product","2":"type-product","3":"status-publish","4":"has-post-thumbnail","6":"product_cat-dried-products","7":"product_cat-vegetable-and-herb-powders","8":"desktop-align-left","9":"tablet-align-left","10":"mobile-align-left","11":"ast-product-gallery-layout-horizontal","12":"ast-product-gallery-with-no-image","13":"ast-magnify-disabled","14":"ast-product-single-variable","15":"ast-product-tabs-layout-horizontal","16":"ast-qv-on-image","18":"first","19":"instock","20":"shipping-taxable","21":"purchasable","22":"product-type-variable"},"aioseo_notices":[],"_links":{"self":[{"href":"https:\/\/naturzo.com\/lv\/wp-json\/wp\/v2\/product\/6522","targetHints":{"allow":["GET"]}}],"collection":[{"href":"https:\/\/naturzo.com\/lv\/wp-json\/wp\/v2\/product"}],"about":[{"href":"https:\/\/naturzo.com\/lv\/wp-json\/wp\/v2\/types\/product"}],"version-history":[{"count":2,"href":"https:\/\/naturzo.com\/lv\/wp-json\/wp\/v2\/product\/6522\/revisions"}],"predecessor-version":[{"id":7999,"href":"https:\/\/naturzo.com\/lv\/wp-json\/wp\/v2\/product\/6522\/revisions\/7999"}],"wp:featuredmedia":[{"embeddable":true,"href":"https:\/\/naturzo.com\/lv\/wp-json\/wp\/v2\/media\/8054"}],"wp:attachment":[{"href":"https:\/\/naturzo.com\/lv\/wp-json\/wp\/v2\/media?parent=6522"}],"wp:term":[{"taxonomy":"product_brand","embeddable":true,"href":"https:\/\/naturzo.com\/lv\/wp-json\/wp\/v2\/product_brand?post=6522"},{"taxonomy":"product_cat","embeddable":true,"href":"https:\/\/naturzo.com\/lv\/wp-json\/wp\/v2\/product_cat?post=6522"},{"taxonomy":"product_tag","embeddable":true,"href":"https:\/\/naturzo.com\/lv\/wp-json\/wp\/v2\/product_tag?post=6522"}],"curies":[{"name":"wp","href":"https:\/\/api.w.org\/{rel}","templated":true}]}}