{"id":6539,"date":"2023-09-04T10:52:26","date_gmt":"2023-09-04T10:52:26","guid":{"rendered":"https:\/\/naturzo.com\/?post_type=product&#038;p=6539"},"modified":"2026-04-27T07:18:08","modified_gmt":"2026-04-27T07:18:08","slug":"onion-powder","status":"publish","type":"product","link":"https:\/\/naturzo.com\/lv\/products\/onion-powder\/","title":{"rendered":"S\u012bpolu pulveris"},"content":{"rendered":"<p><strong>Kalt\u0113tu s\u012bpolu pulveris bez konservantiem vai gar\u0161as pastiprin\u0101t\u0101jiem.<\/strong><\/p>\n<p>Uzlabo savus \u0113dienus ar m\u016bsu augst\u0101s kvalit\u0101tes s\u012bpolu pulveri! T\u0101 k\u0101 tas ir smalki malts pulveris, tas ir \u0113rti lietojams un vajadz\u012bgs jebkur\u0101 virtuv\u0113! Ide\u0101la gar\u0161viela zup\u0101m, m\u0113rc\u0113m un citur. Pas\u016bti jau tagad un iepriecini savus m\u012b\u013cos un sevi!<\/p>\n<p>&nbsp;<\/p>\n<p data-start=\"0\" data-end=\"73\">Country of origin: India (Processed and packaged in the European Union)<\/p>\n<p data-start=\"75\" data-end=\"109\">NUTRITION INFORMATION Per 100 g:<\/p>\n<p data-start=\"111\" data-end=\"252\" data-is-last-node=\"\" data-is-only-node=\"\">Energy 1450 kJ \/ 345 kcal, Fat 1 g (of which saturated 0.2 g), Carbohydrates 80 g (of which sugars 38 g), Fibre 15 g, Protein 9 g, Salt 0.1 g<\/p>","protected":false},"excerpt":{"rendered":"<p><strong>Kalt\u0113tu s\u012bpolu pulveris bez konservantiem vai gar\u0161as pastiprin\u0101t\u0101jiem.<\/strong><\/p>\n<p>Ide\u0101la gar\u0161viela zup\u0101m, m\u0113rc\u0113m un citur.<\/p>","protected":false},"featured_media":8063,"template":"","meta":{"om_disable_all_campaigns":false,"_monsterinsights_skip_tracking":false,"_monsterinsights_sitenote_active":false,"_monsterinsights_sitenote_note":"","_monsterinsights_sitenote_category":0,"site-sidebar-layout":"default","site-content-layout":"default","ast-site-content-layout":"default","site-content-style":"default","site-sidebar-style":"default","ast-global-header-display":"","ast-banner-title-visibility":"","ast-main-header-display":"","ast-hfb-above-header-display":"","ast-hfb-below-header-display":"","ast-hfb-mobile-header-display":"","site-post-title":"","ast-breadcrumbs-content":"","ast-featured-img":"","footer-sml-layout":"","ast-disable-related-posts":"","theme-transparent-header-meta":"default","adv-header-id-meta":"","stick-header-meta":"default","header-above-stick-meta":"","header-main-stick-meta":"","header-below-stick-meta":"","astra-migrate-meta-layouts":"set","ast-page-background-enabled":"default","ast-page-background-meta":{"desktop":{"background-color":"","background-image":"","background-repeat":"repeat","background-position":"center center","background-size":"auto","background-attachment":"scroll","background-type":"","background-media":"","overlay-type":"","overlay-color":"","overlay-opacity":"","overlay-gradient":""},"tablet":{"background-color":"","background-image":"","background-repeat":"repeat","background-position":"center center","background-size":"auto","background-attachment":"scroll","background-type":"","background-media":"","overlay-type":"","overlay-color":"","overlay-opacity":"","overlay-gradient":""},"mobile":{"background-color":"","background-image":"","background-repeat":"repeat","background-position":"center center","background-size":"auto","background-attachment":"scroll","background-type":"","background-media":"","overlay-type":"","overlay-color":"","overlay-opacity":"","overlay-gradient":""}},"ast-content-background-meta":{"desktop":{"background-color":"var(--ast-global-color-5)","background-image":"","background-repeat":"repeat","background-position":"center center","background-size":"auto","background-attachment":"scroll","background-type":"","background-media":"","overlay-type":"","overlay-color":"","overlay-opacity":"","overlay-gradient":""},"tablet":{"background-color":"var(--ast-global-color-5)","background-image":"","background-repeat":"repeat","background-position":"center center","background-size":"auto","background-attachment":"scroll","background-type":"","background-media":"","overlay-type":"","overlay-color":"","overlay-opacity":"","overlay-gradient":""},"mobile":{"background-color":"var(--ast-global-color-5)","background-image":"","background-repeat":"repeat","background-position":"center center","background-size":"auto","background-attachment":"scroll","background-type":"","background-media":"","overlay-type":"","overlay-color":"","overlay-opacity":"","overlay-gradient":""}}},"product_brand":[],"product_cat":[78,84],"product_tag":[],"class_list":{"0":"post-6539","1":"product","2":"type-product","3":"status-publish","4":"has-post-thumbnail","6":"product_cat-dried-products","7":"product_cat-vegetable-and-herb-powders","8":"desktop-align-left","9":"tablet-align-left","10":"mobile-align-left","11":"ast-product-gallery-layout-horizontal","12":"ast-product-gallery-with-no-image","13":"ast-magnify-disabled","14":"ast-product-single-variable","15":"ast-product-tabs-layout-horizontal","16":"ast-qv-on-image","18":"first","19":"instock","20":"shipping-taxable","21":"purchasable","22":"product-type-variable"},"aioseo_notices":[],"_links":{"self":[{"href":"https:\/\/naturzo.com\/lv\/wp-json\/wp\/v2\/product\/6539","targetHints":{"allow":["GET"]}}],"collection":[{"href":"https:\/\/naturzo.com\/lv\/wp-json\/wp\/v2\/product"}],"about":[{"href":"https:\/\/naturzo.com\/lv\/wp-json\/wp\/v2\/types\/product"}],"version-history":[{"count":3,"href":"https:\/\/naturzo.com\/lv\/wp-json\/wp\/v2\/product\/6539\/revisions"}],"predecessor-version":[{"id":7998,"href":"https:\/\/naturzo.com\/lv\/wp-json\/wp\/v2\/product\/6539\/revisions\/7998"}],"wp:featuredmedia":[{"embeddable":true,"href":"https:\/\/naturzo.com\/lv\/wp-json\/wp\/v2\/media\/8063"}],"wp:attachment":[{"href":"https:\/\/naturzo.com\/lv\/wp-json\/wp\/v2\/media?parent=6539"}],"wp:term":[{"taxonomy":"product_brand","embeddable":true,"href":"https:\/\/naturzo.com\/lv\/wp-json\/wp\/v2\/product_brand?post=6539"},{"taxonomy":"product_cat","embeddable":true,"href":"https:\/\/naturzo.com\/lv\/wp-json\/wp\/v2\/product_cat?post=6539"},{"taxonomy":"product_tag","embeddable":true,"href":"https:\/\/naturzo.com\/lv\/wp-json\/wp\/v2\/product_tag?post=6539"}],"curies":[{"name":"wp","href":"https:\/\/api.w.org\/{rel}","templated":true}]}}