{"id":6708,"date":"2023-11-07T14:12:35","date_gmt":"2023-11-07T14:12:35","guid":{"rendered":"https:\/\/naturzo.com\/?post_type=product&#038;p=6708"},"modified":"2026-04-27T07:17:46","modified_gmt":"2026-04-27T07:17:46","slug":"dill-pickle-powder","status":"publish","type":"product","link":"https:\/\/naturzo.com\/lv\/products\/dill-pickle-powder\/","title":{"rendered":"Marin\u0113tu gur\u0137u pulveris"},"content":{"rendered":"<p><strong>Dehidr\u0113tu marin\u0113to gur\u0137u pulveris bez konservantiem.<\/strong><\/p>\n<p>Uzlabo savus \u0113dienus ar m\u016bsu marin\u0113to gur\u0137u pulveri. \u0160is sk\u0101beni gardais produkts b\u016bs \u0113rti lietojama gar\u0161viela, kas burv\u012bgi papildin\u0101s J\u016bsu ikdienu, k\u0101 ar\u012b pal\u012bdz\u0113s p\u0101rsteigt viesus sv\u0113tku reiz\u0113s.<\/p>\n<p>Uzkaisi popkornam, pieber grill\u0113tiem d\u0101rze\u0146iem, iemaisi dip m\u0113rc\u012bt\u0113s, izmanto k\u0101 gar\u0161vielu ga\u013cai, sajauc ar majon\u0113zi vai siltaj\u0101m m\u0113rc\u0113m.<\/p>\n<p>Pam\u0113\u0123ini m\u016bsu \u0113rti lietojamo un multifunkcion\u0101lo marin\u0113to gur\u0137u pulveri - pievieno grozam jau tagad.<\/p>\n<p>Sast\u0101vs: gur\u0137i, eti\u0137is, cukurs, s\u0101ls, gar\u0161vielas (satur SINEPJU S\u0112KLAS)<\/p>\n<p>&nbsp;<\/p>\n<p>Country of origin: European Union<\/p>\n<p>NUTRITION INFORMATION Per 100 g:<\/p>\n<p>Energy 500 kJ \/ 120 kcal, Fat 0.8 g (of which saturated 0.8 g), Carbohydrates 19 g (of which sugars 6 g), Protein 6 g, Salt 8 g<\/p>","protected":false},"excerpt":{"rendered":"<p><strong>Dehidr\u0113tu marin\u0113to gur\u0137u pulveris bez konservantiem.<\/strong><\/p>\n<p>Uzkaisi popkornam, pieber grill\u0113tiem d\u0101rze\u0146iem, iemaisi dip m\u0113rc\u012bt\u0113s, izmanto k\u0101 gar\u0161vielu ga\u013cai, sajauc ar majon\u0113zi vai siltaj\u0101m m\u0113rc\u0113m.<\/p>","protected":false},"featured_media":8057,"template":"","meta":{"om_disable_all_campaigns":false,"_monsterinsights_skip_tracking":false,"_monsterinsights_sitenote_active":false,"_monsterinsights_sitenote_note":"","_monsterinsights_sitenote_category":0,"site-sidebar-layout":"default","site-content-layout":"default","ast-site-content-layout":"default","site-content-style":"default","site-sidebar-style":"default","ast-global-header-display":"","ast-banner-title-visibility":"","ast-main-header-display":"","ast-hfb-above-header-display":"","ast-hfb-below-header-display":"","ast-hfb-mobile-header-display":"","site-post-title":"","ast-breadcrumbs-content":"","ast-featured-img":"","footer-sml-layout":"","ast-disable-related-posts":"","theme-transparent-header-meta":"default","adv-header-id-meta":"","stick-header-meta":"default","header-above-stick-meta":"","header-main-stick-meta":"","header-below-stick-meta":"","astra-migrate-meta-layouts":"set","ast-page-background-enabled":"default","ast-page-background-meta":{"desktop":{"background-color":"","background-image":"","background-repeat":"repeat","background-position":"center center","background-size":"auto","background-attachment":"scroll","background-type":"","background-media":"","overlay-type":"","overlay-color":"","overlay-opacity":"","overlay-gradient":""},"tablet":{"background-color":"","background-image":"","background-repeat":"repeat","background-position":"center center","background-size":"auto","background-attachment":"scroll","background-type":"","background-media":"","overlay-type":"","overlay-color":"","overlay-opacity":"","overlay-gradient":""},"mobile":{"background-color":"","background-image":"","background-repeat":"repeat","background-position":"center center","background-size":"auto","background-attachment":"scroll","background-type":"","background-media":"","overlay-type":"","overlay-color":"","overlay-opacity":"","overlay-gradient":""}},"ast-content-background-meta":{"desktop":{"background-color":"var(--ast-global-color-5)","background-image":"","background-repeat":"repeat","background-position":"center center","background-size":"auto","background-attachment":"scroll","background-type":"","background-media":"","overlay-type":"","overlay-color":"","overlay-opacity":"","overlay-gradient":""},"tablet":{"background-color":"var(--ast-global-color-5)","background-image":"","background-repeat":"repeat","background-position":"center center","background-size":"auto","background-attachment":"scroll","background-type":"","background-media":"","overlay-type":"","overlay-color":"","overlay-opacity":"","overlay-gradient":""},"mobile":{"background-color":"var(--ast-global-color-5)","background-image":"","background-repeat":"repeat","background-position":"center center","background-size":"auto","background-attachment":"scroll","background-type":"","background-media":"","overlay-type":"","overlay-color":"","overlay-opacity":"","overlay-gradient":""}}},"product_brand":[],"product_cat":[78,84],"product_tag":[],"class_list":{"0":"post-6708","1":"product","2":"type-product","3":"status-publish","4":"has-post-thumbnail","6":"product_cat-dried-products","7":"product_cat-vegetable-and-herb-powders","8":"desktop-align-left","9":"tablet-align-left","10":"mobile-align-left","11":"ast-product-gallery-layout-horizontal","12":"ast-product-gallery-with-no-image","13":"ast-magnify-disabled","14":"ast-product-single-variable","15":"ast-product-tabs-layout-horizontal","16":"ast-qv-on-image","18":"first","19":"instock","20":"shipping-taxable","21":"purchasable","22":"product-type-variable"},"aioseo_notices":[],"_links":{"self":[{"href":"https:\/\/naturzo.com\/lv\/wp-json\/wp\/v2\/product\/6708","targetHints":{"allow":["GET"]}}],"collection":[{"href":"https:\/\/naturzo.com\/lv\/wp-json\/wp\/v2\/product"}],"about":[{"href":"https:\/\/naturzo.com\/lv\/wp-json\/wp\/v2\/types\/product"}],"version-history":[{"count":4,"href":"https:\/\/naturzo.com\/lv\/wp-json\/wp\/v2\/product\/6708\/revisions"}],"predecessor-version":[{"id":7995,"href":"https:\/\/naturzo.com\/lv\/wp-json\/wp\/v2\/product\/6708\/revisions\/7995"}],"wp:featuredmedia":[{"embeddable":true,"href":"https:\/\/naturzo.com\/lv\/wp-json\/wp\/v2\/media\/8057"}],"wp:attachment":[{"href":"https:\/\/naturzo.com\/lv\/wp-json\/wp\/v2\/media?parent=6708"}],"wp:term":[{"taxonomy":"product_brand","embeddable":true,"href":"https:\/\/naturzo.com\/lv\/wp-json\/wp\/v2\/product_brand?post=6708"},{"taxonomy":"product_cat","embeddable":true,"href":"https:\/\/naturzo.com\/lv\/wp-json\/wp\/v2\/product_cat?post=6708"},{"taxonomy":"product_tag","embeddable":true,"href":"https:\/\/naturzo.com\/lv\/wp-json\/wp\/v2\/product_tag?post=6708"}],"curies":[{"name":"wp","href":"https:\/\/api.w.org\/{rel}","templated":true}]}}