{"id":7066,"date":"2023-12-14T19:34:47","date_gmt":"2023-12-14T19:34:47","guid":{"rendered":"https:\/\/naturzo.com\/?post_type=product&#038;p=7066"},"modified":"2026-04-27T07:12:33","modified_gmt":"2026-04-27T07:12:33","slug":"dried-scallions","status":"publish","type":"product","link":"https:\/\/naturzo.com\/lv\/products\/dried-scallions\/","title":{"rendered":"\u017d\u0101v\u0113ti loki"},"content":{"rendered":"<p><strong>Dehidr\u0113ti loci\u0146i bez konservantiem vai gar\u0161as pastiprin\u0101t\u0101jiem.<\/strong><\/p>\n<p>Elevate your culinary creations with our premium Dehydrated Green Onions, a versatile and flavorful addition to your kitchen. Sourced from the finest green onions, our dehydrated version preserves the vibrant taste and aroma in a convenient form.<\/p>\n<p><strong>Versatile Flavor Boost:<\/strong> Add a burst of savory goodness to your dishes with ease. Our dehydrated green onions enhance the flavor profile of soups, salads, stir-fries, and more.<\/p>\n<p><strong>Garden Fresh Quality:<\/strong> Harvested at peak freshness, our green onions are dehydrated to perfection, ensuring you get the highest quality and taste in every sprinkle.<\/p>\n<p><strong>Easy to Use:<\/strong> Simplify your cooking process. Just rehydrate or use directly in your recipes. Perfect for busy kitchens or when fresh green onions are not on hand.<\/p>\n<p><strong>Endless Culinary Possibilities:<\/strong> From garnishing your favorite dishes to creating unique spice blends, let your imagination run wild with the endless ways you can incorporate dehydrated green onions.<\/p>\n<p>Transform your cooking experience with the convenience and flavor of our Dehydrated Green Onions. Shop now and elevate your dishes to a new level of culinary excellence!<\/p>\n<p>&nbsp;<\/p>\n<p data-start=\"0\" data-end=\"27\">Country of origin: European Union<\/p>\n<p data-start=\"29\" data-end=\"63\">NUTRITION INFORMATION Per 100 g:<\/p>\n<p data-start=\"65\" data-end=\"207\" data-is-last-node=\"\" data-is-only-node=\"\">Energy 1370 kJ \/ 325 kcal, Fat 1 g (of which saturated 0.2 g), Carbohydrates 70 g (of which sugars 25 g), Fibre 12 g, Protein 10 g, Salt 0.2 g<\/p>","protected":false},"excerpt":{"rendered":"<p><strong>Kalt\u0113ti loci\u0146i bez konservantiem vai gar\u0161as pastiprin\u0101t\u0101jiem.<\/strong><\/p>\n<p>Uzlabo savas zupas, sal\u0101tus, sacepumus, m\u0113rc\u012btes u.c.<\/p>","protected":false},"featured_media":8050,"template":"","meta":{"om_disable_all_campaigns":false,"_monsterinsights_skip_tracking":false,"_monsterinsights_sitenote_active":false,"_monsterinsights_sitenote_note":"","_monsterinsights_sitenote_category":0,"site-sidebar-layout":"default","site-content-layout":"default","ast-site-content-layout":"default","site-content-style":"default","site-sidebar-style":"default","ast-global-header-display":"","ast-banner-title-visibility":"","ast-main-header-display":"","ast-hfb-above-header-display":"","ast-hfb-below-header-display":"","ast-hfb-mobile-header-display":"","site-post-title":"","ast-breadcrumbs-content":"","ast-featured-img":"","footer-sml-layout":"","ast-disable-related-posts":"","theme-transparent-header-meta":"default","adv-header-id-meta":"","stick-header-meta":"default","header-above-stick-meta":"","header-main-stick-meta":"","header-below-stick-meta":"","astra-migrate-meta-layouts":"set","ast-page-background-enabled":"default","ast-page-background-meta":{"desktop":{"background-color":"","background-image":"","background-repeat":"repeat","background-position":"center center","background-size":"auto","background-attachment":"scroll","background-type":"","background-media":"","overlay-type":"","overlay-color":"","overlay-opacity":"","overlay-gradient":""},"tablet":{"background-color":"","background-image":"","background-repeat":"repeat","background-position":"center center","background-size":"auto","background-attachment":"scroll","background-type":"","background-media":"","overlay-type":"","overlay-color":"","overlay-opacity":"","overlay-gradient":""},"mobile":{"background-color":"","background-image":"","background-repeat":"repeat","background-position":"center center","background-size":"auto","background-attachment":"scroll","background-type":"","background-media":"","overlay-type":"","overlay-color":"","overlay-opacity":"","overlay-gradient":""}},"ast-content-background-meta":{"desktop":{"background-color":"var(--ast-global-color-5)","background-image":"","background-repeat":"repeat","background-position":"center center","background-size":"auto","background-attachment":"scroll","background-type":"","background-media":"","overlay-type":"","overlay-color":"","overlay-opacity":"","overlay-gradient":""},"tablet":{"background-color":"var(--ast-global-color-5)","background-image":"","background-repeat":"repeat","background-position":"center center","background-size":"auto","background-attachment":"scroll","background-type":"","background-media":"","overlay-type":"","overlay-color":"","overlay-opacity":"","overlay-gradient":""},"mobile":{"background-color":"var(--ast-global-color-5)","background-image":"","background-repeat":"repeat","background-position":"center center","background-size":"auto","background-attachment":"scroll","background-type":"","background-media":"","overlay-type":"","overlay-color":"","overlay-opacity":"","overlay-gradient":""}}},"product_brand":[],"product_cat":[78,82],"product_tag":[],"class_list":{"0":"post-7066","1":"product","2":"type-product","3":"status-publish","4":"has-post-thumbnail","6":"product_cat-dried-products","7":"product_cat-fruits-berries-and-vegetables","8":"desktop-align-left","9":"tablet-align-left","10":"mobile-align-left","11":"ast-product-gallery-layout-horizontal","12":"ast-product-gallery-with-no-image","13":"ast-magnify-disabled","14":"ast-product-single-variable","15":"ast-product-tabs-layout-horizontal","16":"ast-qv-on-image","18":"first","19":"instock","20":"shipping-taxable","21":"purchasable","22":"product-type-variable"},"aioseo_notices":[],"_links":{"self":[{"href":"https:\/\/naturzo.com\/lv\/wp-json\/wp\/v2\/product\/7066","targetHints":{"allow":["GET"]}}],"collection":[{"href":"https:\/\/naturzo.com\/lv\/wp-json\/wp\/v2\/product"}],"about":[{"href":"https:\/\/naturzo.com\/lv\/wp-json\/wp\/v2\/types\/product"}],"version-history":[{"count":5,"href":"https:\/\/naturzo.com\/lv\/wp-json\/wp\/v2\/product\/7066\/revisions"}],"predecessor-version":[{"id":7987,"href":"https:\/\/naturzo.com\/lv\/wp-json\/wp\/v2\/product\/7066\/revisions\/7987"}],"wp:featuredmedia":[{"embeddable":true,"href":"https:\/\/naturzo.com\/lv\/wp-json\/wp\/v2\/media\/8050"}],"wp:attachment":[{"href":"https:\/\/naturzo.com\/lv\/wp-json\/wp\/v2\/media?parent=7066"}],"wp:term":[{"taxonomy":"product_brand","embeddable":true,"href":"https:\/\/naturzo.com\/lv\/wp-json\/wp\/v2\/product_brand?post=7066"},{"taxonomy":"product_cat","embeddable":true,"href":"https:\/\/naturzo.com\/lv\/wp-json\/wp\/v2\/product_cat?post=7066"},{"taxonomy":"product_tag","embeddable":true,"href":"https:\/\/naturzo.com\/lv\/wp-json\/wp\/v2\/product_tag?post=7066"}],"curies":[{"name":"wp","href":"https:\/\/api.w.org\/{rel}","templated":true}]}}