{"id":7851,"date":"2026-04-02T11:08:17","date_gmt":"2026-04-02T11:08:17","guid":{"rendered":"https:\/\/naturzo.com\/?post_type=product&#038;p=7851"},"modified":"2026-04-21T09:43:14","modified_gmt":"2026-04-21T09:43:14","slug":"freeze-dried-cranberry-powder-2","status":"publish","type":"product","link":"https:\/\/naturzo.com\/lv\/products\/freeze-dried-cranberry-powder-2\/","title":{"rendered":"Liofiliz\u0113tu dz\u0113rve\u0146u pulveris"},"content":{"rendered":"<h3 data-section-id=\"gcohf5\" data-start=\"684\" data-end=\"755\">Freeze-Dried Cranberry Powder \u2013 100% Pure, Tangy &amp; Antioxidant-Rich<\/h3>\n<p data-start=\"757\" data-end=\"1068\">Add a bold, refreshing twist to your recipes with our <strong data-start=\"811\" data-end=\"852\">premium freeze dried cranberry powder<\/strong>, made from carefully selected ripe cranberries. Known for their naturally tart flavor and powerful antioxidant content, cranberries are transformed into a fine, vibrant powder without losing their nutritional value.<\/p>\n<p data-start=\"1070\" data-end=\"1257\">Using advanced freeze-drying technology, moisture is gently removed at low temperatures to preserve the <strong data-start=\"1174\" data-end=\"1229\">natural taste, color, and up to 90\u201397% of nutrients<\/strong> found in fresh cranberries.<\/p>\n<hr data-start=\"1259\" data-end=\"1262\" \/>\n<h3 data-section-id=\"jphi4p\" data-start=\"1264\" data-end=\"1313\">Why Choose Our Freeze-Dried Cranberry Powder?<\/h3>\n<ul data-start=\"1315\" data-end=\"1593\">\n<li data-section-id=\"1i8uxu3\" data-start=\"1315\" data-end=\"1384\"><strong data-start=\"1317\" data-end=\"1342\">100% pure cranberries<\/strong> \u2013 no additives, fillers, or added sugar<\/li>\n<li data-section-id=\"1femqdb\" data-start=\"1385\" data-end=\"1413\"><strong data-start=\"1387\" data-end=\"1411\">Rich in antioxidants<\/strong><\/li>\n<li data-section-id=\"14p5pk9\" data-start=\"1414\" data-end=\"1458\"><strong data-start=\"1416\" data-end=\"1456\">Naturally tart and refreshing flavor<\/strong><\/li>\n<li data-section-id=\"592mpe\" data-start=\"1459\" data-end=\"1491\"><strong data-start=\"1461\" data-end=\"1489\">Fine, easy-to-mix powder<\/strong><\/li>\n<li data-section-id=\"1idhag4\" data-start=\"1492\" data-end=\"1530\"><strong data-start=\"1494\" data-end=\"1528\">Long shelf life (12\u201324 months)<\/strong><\/li>\n<li data-section-id=\"1tk3hzf\" data-start=\"1531\" data-end=\"1593\"><strong data-start=\"1533\" data-end=\"1591\">Suitable for vegan, gluten-free, and clean-label diets<\/strong><\/li>\n<\/ul>\n<hr data-start=\"1595\" data-end=\"1598\" \/>\n<h3 data-section-id=\"9n3n4e\" data-start=\"1600\" data-end=\"1615\">Perfect For<\/h3>\n<p data-start=\"1617\" data-end=\"1687\">A versatile ingredient for everyday use and professional applications:<\/p>\n<ul data-start=\"1689\" data-end=\"1975\">\n<li data-section-id=\"1puff9p\" data-start=\"1689\" data-end=\"1731\">Smoothies, juices, and wellness drinks<\/li>\n<li data-section-id=\"1yfdzo3\" data-start=\"1732\" data-end=\"1772\">Baking: cakes, muffins, and desserts<\/li>\n<li data-section-id=\"j5u4f8\" data-start=\"1773\" data-end=\"1813\">Yogurt, oatmeal, and breakfast bowls<\/li>\n<li data-section-id=\"1qmd60p\" data-start=\"1814\" data-end=\"1856\">Natural food coloring (soft red tones)<\/li>\n<li data-section-id=\"1ci8zik\" data-start=\"1857\" data-end=\"1895\">Sauces, teas, and functional foods<\/li>\n<li data-section-id=\"kk91rg\" data-start=\"1896\" data-end=\"1933\">Baby food and clean-label recipes<\/li>\n<li data-section-id=\"1pa50ga\" data-start=\"1934\" data-end=\"1975\">Food production and private label use<\/li>\n<\/ul>\n<hr data-start=\"1977\" data-end=\"1980\" \/>\n<h3 data-section-id=\"1qi9lg4\" data-start=\"1982\" data-end=\"2004\">Pure &amp; Transparent<\/h3>\n<p data-start=\"2006\" data-end=\"2086\">Our freeze-dried cranberry powder contains <strong data-start=\"2049\" data-end=\"2085\">only one ingredient: cranberries<\/strong>.<\/p>\n<ul data-start=\"2088\" data-end=\"2193\">\n<li data-section-id=\"9sp5s0\" data-start=\"2088\" data-end=\"2108\">No preservatives<\/li>\n<li data-section-id=\"pjg7sf\" data-start=\"2109\" data-end=\"2144\">No artificial colors or flavors<\/li>\n<li data-section-id=\"424dtn\" data-start=\"2145\" data-end=\"2163\">No added sugar<\/li>\n<li data-section-id=\"v3olb2\" data-start=\"2164\" data-end=\"2193\">No unnecessary processing<\/li>\n<\/ul>\n<p data-start=\"2195\" data-end=\"2229\">Just real fruit, gently preserved.<\/p>\n<hr data-start=\"2231\" data-end=\"2234\" \/>\n<h3 data-section-id=\"1hhubl4\" data-start=\"2236\" data-end=\"2255\">Taste &amp; Texture<\/h3>\n<p data-start=\"2257\" data-end=\"2390\">Expect a <strong data-start=\"2266\" data-end=\"2307\">naturally tart, slightly tangy flavor<\/strong> with a fine, smooth texture that blends easily into both sweet and savory recipes.<\/p>\n<hr data-start=\"2392\" data-end=\"2395\" \/>\n<h3 data-section-id=\"w9x5of\" data-start=\"2397\" data-end=\"2408\">Storage<\/h3>\n<p data-start=\"2410\" data-end=\"2548\">Store in a cool, dry place, away from direct sunlight. Reseal tightly after opening to maintain freshness and prevent moisture absorption.<\/p>\n<hr data-start=\"2550\" data-end=\"2553\" \/>\n<h3 data-section-id=\"8h9vrb\" data-start=\"2555\" data-end=\"2601\"><\/h3>\n<p>Place of origin: European Union<\/p>\n<p data-start=\"0\" data-end=\"38\"><strong data-start=\"0\" data-end=\"36\">NUTRITION INFORMATION Per 100 g:<\/strong><\/p>\n<p data-start=\"40\" data-end=\"185\" data-is-last-node=\"\" data-is-only-node=\"\">Energy 1416 kJ \/ 287 kcal, Fat 5.4 g (of which saturated 0 g), Carbohydrates 30.3 g (of which sugars 30.3 g), Fibre 24 g, Protein 2.7 g, Salt 0 g<\/p>\n<p data-start=\"2603\" data-end=\"2969\">freeze dried cranberry powder, cranberry powder, natural cranberry powder, fruit powder for baking, cranberry powder for smoothies, freeze dried fruit powder, natural food coloring powder, bulk cranberry powder, clean label ingredients, cranberry powder no sugar added, vegan fruit powder, cranberry powder for yogurt, smoothie ingredients, freeze dried berry powder<\/p>","protected":false},"excerpt":{"rendered":"<p>Freeze dried cranberry powder made from 100% real cranberries with no additives or added sugar. Naturally tart, antioxidant-rich, and perfect for smoothies, baking, and functional recipes.<\/p>","protected":false},"featured_media":8014,"template":"","meta":{"om_disable_all_campaigns":false,"_monsterinsights_skip_tracking":false,"_monsterinsights_sitenote_active":false,"_monsterinsights_sitenote_note":"","_monsterinsights_sitenote_category":0,"site-sidebar-layout":"default","site-content-layout":"","ast-site-content-layout":"default","site-content-style":"default","site-sidebar-style":"default","ast-global-header-display":"","ast-banner-title-visibility":"","ast-main-header-display":"","ast-hfb-above-header-display":"","ast-hfb-below-header-display":"","ast-hfb-mobile-header-display":"","site-post-title":"","ast-breadcrumbs-content":"","ast-featured-img":"","footer-sml-layout":"","ast-disable-related-posts":"","theme-transparent-header-meta":"default","adv-header-id-meta":"","stick-header-meta":"default","header-above-stick-meta":"","header-main-stick-meta":"","header-below-stick-meta":"","astra-migrate-meta-layouts":"set","ast-page-background-enabled":"default","ast-page-background-meta":{"desktop":{"background-color":"","background-image":"","background-repeat":"repeat","background-position":"center center","background-size":"auto","background-attachment":"scroll","background-type":"","background-media":"","overlay-type":"","overlay-color":"","overlay-opacity":"","overlay-gradient":""},"tablet":{"background-color":"","background-image":"","background-repeat":"repeat","background-position":"center center","background-size":"auto","background-attachment":"scroll","background-type":"","background-media":"","overlay-type":"","overlay-color":"","overlay-opacity":"","overlay-gradient":""},"mobile":{"background-color":"","background-image":"","background-repeat":"repeat","background-position":"center center","background-size":"auto","background-attachment":"scroll","background-type":"","background-media":"","overlay-type":"","overlay-color":"","overlay-opacity":"","overlay-gradient":""}},"ast-content-background-meta":{"desktop":{"background-color":"var(--ast-global-color-5)","background-image":"","background-repeat":"repeat","background-position":"center center","background-size":"auto","background-attachment":"scroll","background-type":"","background-media":"","overlay-type":"","overlay-color":"","overlay-opacity":"","overlay-gradient":""},"tablet":{"background-color":"var(--ast-global-color-5)","background-image":"","background-repeat":"repeat","background-position":"center center","background-size":"auto","background-attachment":"scroll","background-type":"","background-media":"","overlay-type":"","overlay-color":"","overlay-opacity":"","overlay-gradient":""},"mobile":{"background-color":"var(--ast-global-color-5)","background-image":"","background-repeat":"repeat","background-position":"center center","background-size":"auto","background-attachment":"scroll","background-type":"","background-media":"","overlay-type":"","overlay-color":"","overlay-opacity":"","overlay-gradient":""}}},"product_brand":[],"product_cat":[96],"product_tag":[],"class_list":{"0":"post-7851","1":"product","2":"type-product","3":"status-publish","4":"has-post-thumbnail","6":"product_cat-freeze-dried-products","7":"desktop-align-left","8":"tablet-align-left","9":"mobile-align-left","10":"ast-product-gallery-layout-horizontal","11":"ast-magnify-disabled","12":"ast-product-single-variable","13":"ast-product-tabs-layout-horizontal","14":"ast-qv-on-image","16":"first","17":"instock","18":"shipping-taxable","19":"purchasable","20":"product-type-variable"},"aioseo_notices":[],"_links":{"self":[{"href":"https:\/\/naturzo.com\/lv\/wp-json\/wp\/v2\/product\/7851","targetHints":{"allow":["GET"]}}],"collection":[{"href":"https:\/\/naturzo.com\/lv\/wp-json\/wp\/v2\/product"}],"about":[{"href":"https:\/\/naturzo.com\/lv\/wp-json\/wp\/v2\/types\/product"}],"version-history":[{"count":3,"href":"https:\/\/naturzo.com\/lv\/wp-json\/wp\/v2\/product\/7851\/revisions"}],"predecessor-version":[{"id":8024,"href":"https:\/\/naturzo.com\/lv\/wp-json\/wp\/v2\/product\/7851\/revisions\/8024"}],"wp:featuredmedia":[{"embeddable":true,"href":"https:\/\/naturzo.com\/lv\/wp-json\/wp\/v2\/media\/8014"}],"wp:attachment":[{"href":"https:\/\/naturzo.com\/lv\/wp-json\/wp\/v2\/media?parent=7851"}],"wp:term":[{"taxonomy":"product_brand","embeddable":true,"href":"https:\/\/naturzo.com\/lv\/wp-json\/wp\/v2\/product_brand?post=7851"},{"taxonomy":"product_cat","embeddable":true,"href":"https:\/\/naturzo.com\/lv\/wp-json\/wp\/v2\/product_cat?post=7851"},{"taxonomy":"product_tag","embeddable":true,"href":"https:\/\/naturzo.com\/lv\/wp-json\/wp\/v2\/product_tag?post=7851"}],"curies":[{"name":"wp","href":"https:\/\/api.w.org\/{rel}","templated":true}]}}